{"id":55,"date":"2026-04-08T16:47:50","date_gmt":"2026-04-08T16:47:50","guid":{"rendered":"https:\/\/moneytreemansion.com\/?page_id=55"},"modified":"2026-04-18T12:25:48","modified_gmt":"2026-04-18T12:25:48","slug":"over-ons","status":"publish","type":"page","link":"https:\/\/moneytreemansion.com\/index.php\/over-ons\/","title":{"rendered":"OVER ONS."},"content":{"rendered":"\t\t<div data-elementor-type=\"wp-page\" data-elementor-id=\"55\" class=\"elementor elementor-55\" data-elementor-post-type=\"page\">\n\t\t\t\t<div class=\"elementor-element elementor-element-18b074f e-con-full e-flex e-con e-parent\" data-id=\"18b074f\" data-element_type=\"container\" data-e-type=\"container\" data-settings=\"{&quot;background_background&quot;:&quot;classic&quot;}\">\n\t\t\t\t<div class=\"elementor-element elementor-element-fdc3d41 elementor-hidden-tablet elementor-widget elementor-widget-heading\" data-id=\"fdc3d41\" data-element_type=\"widget\" data-e-type=\"widget\" data-widget_type=\"heading.default\">\n\t\t\t\t\t<h1 class=\"elementor-heading-title elementor-size-default\">\"In 2019 ging ik <b>dood van schuldgevoel.<\/b>\"<\/h1>\t\t\t\t<\/div>\n\t\t\t\t<div class=\"elementor-element elementor-element-8745718 elementor-widget elementor-widget-text-editor\" data-id=\"8745718\" data-element_type=\"widget\" data-e-type=\"widget\" data-widget_type=\"text-editor.default\">\n\t\t\t\t\t\t\t\t\t<p>This is our story of becoming<\/p>\t\t\t\t\t\t\t\t<\/div>\n\t\t\t\t<\/div>\n\t\t<div class=\"elementor-element elementor-element-3d1dcfd e-flex e-con-boxed e-con e-parent\" data-id=\"3d1dcfd\" data-element_type=\"container\" data-e-type=\"container\" data-settings=\"{&quot;background_background&quot;:&quot;classic&quot;}\">\n\t\t\t\t\t<div class=\"e-con-inner\">\n\t\t<div class=\"elementor-element elementor-element-c9f159d e-con-full e-flex e-con e-child\" data-id=\"c9f159d\" data-element_type=\"container\" data-e-type=\"container\">\n\t\t\t\t<div class=\"elementor-element elementor-element-8ec9c97 elementor-widget elementor-widget-text-editor\" data-id=\"8ec9c97\" data-element_type=\"widget\" data-e-type=\"widget\" data-widget_type=\"text-editor.default\">\n\t\t\t\t\t\t\t\t\t<p>Meet our founder, Sanne van der Ploeg<\/p>\t\t\t\t\t\t\t\t<\/div>\n\t\t\t\t<div class=\"elementor-element elementor-element-c2f30b6 elementor-widget elementor-widget-text-editor\" data-id=\"c2f30b6\" data-element_type=\"widget\" data-e-type=\"widget\" data-widget_type=\"text-editor.default\">\n\t\t\t\t\t\t\t\t\t<p><em>Hi! Mijn naam is Sanne, certified Private Banking professional met een creatieve achtergrond.\u00a0<\/em><\/p>\t\t\t\t\t\t\t\t<\/div>\n\t\t\t\t<div class=\"elementor-element elementor-element-7edb51d elementor-widget elementor-widget-text-editor\" data-id=\"7edb51d\" data-element_type=\"widget\" data-e-type=\"widget\" data-widget_type=\"text-editor.default\">\n\t\t\t\t\t\t\t\t\t<p>Ik heb Creative Business gestudeerd, met een specialisatie in media Marketing en Ondernemerschap. Tijdens mijn studie werd ik de allereerste stagiaire van topondernemer Celine Charlotte, omdat ik vond dat ze mij nodig had en zij het daar mee eens werd (zelfs &#8211; of j\u00faist &#8211; nadat ik het lef had om flink te onderhandelen over de stagevergoeding). Zij leerde mij ondernemen, en ik groeide snel. Als side hustle grafisch ontwerper ging ik van \u20ac0 naar \u20ac100 per uur binnen een maand, en elk vrij uur zat volgeboekt. Z\u00f3 lekker geld verdienen, dat beviel me heel goed! Maar z\u00f3 hard ervoor rennen, dat absoluut niet&#8230;\u00a0<\/p><p>Er volgenden vele jaren van constant proberen mijn weg te vinden naar vrijheid, finaal blunderen en uiteindelijk alles opgeven, naar mezelf en mijn financi\u00ebn volledig weer opbouwen vanaf scratch.\u00a0<span style=\"font-style: inherit;\"><b>Onderweg ontwikkelde ik mijn eigen vermogensopbouw methodiek<\/b><\/span><span style=\"font-style: inherit; font-weight: inherit;\">, de Money Tree Method, waardoor alles veranderde.\u00a0<\/span><span style=\"font-style: inherit; font-weight: inherit;\">Nu, 5 jaar later, heb ik me ontwikkeld tot gecertificeerd* finance professional met bijna 2 jaar werkervaring bij de meest prominente Private Bank van Nederland. <\/span><span style=\"font-style: inherit; font-weight: inherit;\"><b>Ik ging van trying to manifest millions, naar managing millions, en nu steady onderweg naar making millions.\u00a0<\/b><\/span><\/p><p>*Ik ben geregistreerd finance professional in het DSI-register: MIFID II Kennis en Vaardigheden, Adviseren Beleggen Maatwerk. Verder ben gecertificeerd volgens regelgeving in de Wet Financi\u00eble Toezicht: Basis, Vermogen en Hypothecair Krediet (en daarmee ook Consumptief Krediet). Ook heb ik de interne opleiding Basis Financi\u00eble Planning binnen de Private Bank succesvol afgerond.<\/p>\t\t\t\t\t\t\t\t<\/div>\n\t\t\t\t<\/div>\n\t\t<div class=\"elementor-element elementor-element-0256ba9 e-con-full e-flex e-con e-child\" data-id=\"0256ba9\" data-element_type=\"container\" data-e-type=\"container\">\n\t\t\t\t<div class=\"elementor-element elementor-element-97c4dca elementor-widget elementor-widget-image\" data-id=\"97c4dca\" data-element_type=\"widget\" data-e-type=\"widget\" data-widget_type=\"image.default\">\n\t\t\t\t\t\t\t\t\t\t\t\t\t\t\t<img fetchpriority=\"high\" decoding=\"async\" width=\"576\" height=\"1024\" src=\"https:\/\/moneytreemansion.com\/wp-content\/uploads\/2026\/04\/EE5E33C9-53AE-4085-A162-C0C0F2B40540-3-576x1024.jpg\" class=\"attachment-large size-large wp-image-27\" alt=\"\" srcset=\"https:\/\/moneytreemansion.com\/wp-content\/uploads\/2026\/04\/EE5E33C9-53AE-4085-A162-C0C0F2B40540-3-576x1024.jpg 576w, https:\/\/moneytreemansion.com\/wp-content\/uploads\/2026\/04\/EE5E33C9-53AE-4085-A162-C0C0F2B40540-3-169x300.jpg 169w, https:\/\/moneytreemansion.com\/wp-content\/uploads\/2026\/04\/EE5E33C9-53AE-4085-A162-C0C0F2B40540-3-768x1366.jpg 768w, https:\/\/moneytreemansion.com\/wp-content\/uploads\/2026\/04\/EE5E33C9-53AE-4085-A162-C0C0F2B40540-3-864x1536.jpg 864w, https:\/\/moneytreemansion.com\/wp-content\/uploads\/2026\/04\/EE5E33C9-53AE-4085-A162-C0C0F2B40540-3.jpg 1125w\" sizes=\"(max-width: 576px) 100vw, 576px\" \/>\t\t\t\t\t\t\t\t\t\t\t\t\t\t\t<\/div>\n\t\t\t\t<\/div>\n\t\t\t\t\t<\/div>\n\t\t\t\t<\/div>\n\t\t<div class=\"elementor-element elementor-element-7aa9174 e-flex e-con-boxed e-con e-parent\" data-id=\"7aa9174\" data-element_type=\"container\" data-e-type=\"container\" data-settings=\"{&quot;background_background&quot;:&quot;classic&quot;}\">\n\t\t\t\t\t<div class=\"e-con-inner\">\n\t\t<div class=\"elementor-element elementor-element-9af8244 e-con-full e-flex e-con e-child\" data-id=\"9af8244\" data-element_type=\"container\" data-e-type=\"container\" data-settings=\"{&quot;background_background&quot;:&quot;classic&quot;}\">\n\t\t\t\t<div class=\"elementor-element elementor-element-b18d599 elementor-widget elementor-widget-image\" data-id=\"b18d599\" data-element_type=\"widget\" data-e-type=\"widget\" data-widget_type=\"image.default\">\n\t\t\t\t\t\t\t\t\t\t\t\t\t\t\t<img decoding=\"async\" src=\"https:\/\/moneytreemansion.com\/wp-content\/plugins\/elementor\/assets\/images\/placeholder.png\" title=\"\" alt=\"\" loading=\"lazy\" \/>\t\t\t\t\t\t\t\t\t\t\t\t\t\t\t<\/div>\n\t\t\t\t<\/div>\n\t\t<div class=\"elementor-element elementor-element-d41d166 e-con-full e-flex e-con e-child\" data-id=\"d41d166\" data-element_type=\"container\" data-e-type=\"container\">\n\t\t\t\t<\/div>\n\t\t\t\t\t<\/div>\n\t\t\t\t<\/div>\n\t\t<div class=\"elementor-element elementor-element-1dc9b25 e-flex e-con-boxed e-con e-parent\" data-id=\"1dc9b25\" data-element_type=\"container\" data-e-type=\"container\" data-settings=\"{&quot;background_background&quot;:&quot;classic&quot;}\">\n\t\t\t\t\t<div class=\"e-con-inner\">\n\t\t\t\t<div class=\"elementor-element elementor-element-2705e2e elementor-widget elementor-widget-text-editor\" data-id=\"2705e2e\" data-element_type=\"widget\" data-e-type=\"widget\" data-widget_type=\"text-editor.default\">\n\t\t\t\t\t\t\t\t\t<p><strong>Geld is nooit mijn drijfveer geweest<\/strong>, en dat zal het ook nooit zijn. Wat mij w\u00e9l drijft is vrijheid. De vrijheid om tijd te geven aan mijn persoonlijke groei. Kunnen doen wat ik leuk vind. Inspiratie volgen. Idee\u00ebn leven inblazen. Zorgen dat de grootsheid die ik van binnen voel er ook echt uit komt. Living like that makes me feel alive!\u00a0<\/p><p>Daar was ik dus altijd al naar op zoek.\u00a0<\/p><p>Ik was overtuigd dat veel geld verdienen de weg zou zijn naar die vrijheid. Ik dacht: als je veel geld verdient, kun je doen wat je wil! Dus ik streefde altijd naar meer geld verdienen \u00e9n doen wat ik leuk vind. Dat zag er ongeveer zo uit:<\/p><p>Nadat mijn side hustle als grafisch vormgever was ontploft binnen een maand, ging ik nog zo&#8217;n twee maanden door. Daarna vond ik het niet meer leuk en interessant. Ik voelde gewoon aan alles: dit is het niet. Mijn creativiteit was trapped in het maken voor anderen.\u00a0<\/p><p>Inmiddels was ik ook al een aantal jaar heel fanatiek bezig in de wereld van persoonlijke ontwikkeling. Ik stond als eerste in de rij als het ging om 5 uur opstaan om je mind te trainen, boek na boek over money mindset verslinden en what not. En trend in die wereld is:\u00a0<span style=\"font-style: inherit; font-weight: inherit;\">veel geld investeren in jezelf, ookal heb je dat geld nu nog niet op je bankrekening staan. Want d\u00e1t laat het universum pas \u00e9cht zien hoe graag je het wil&#8230;<\/span><\/p><p><span style=\"font-style: inherit; font-weight: inherit;\">Er kwam een &#8220;spiritueel business coach&#8221; op mijn pad. Ze zei dat zij de weg wist naar veel geld verdienen zonder daar zo hard voor te hoeven werken. Dus, op mijn 23ste &#8211; nog niet eens afgestudeerd, laat staan ook maar een euro van mijn \u20ac23K+ studieschuld afgelost &#8211;\u00a0 gaf ik bijna \u20ac10K uit. In de volle overtuiging dat dit h\u00e9t was voor mij (daar had zij natuurlijk voor gezorgd). Mijn ticket naar vrijheid.\u00a0<\/span><\/p><p><span style=\"font-style: inherit; font-weight: inherit;\">Ik leerde meer over &#8220;manifesteren&#8221;, waarbij je ging afstemmen met dode legendes voor business tips en jezelf volledig in het geloof zetten van dat alle miljoenen al op je bank staan. Mijn na\u00efeve jonge puppy zelf, die niks een rationale second thought gaf, ging all in. Want ik moest en zal vrij zijn! Dus dit moest en zal werken!\u00a0<\/span><\/p><p><span style=\"font-style: inherit; font-weight: inherit;\">Al flierefluitend ging ik de 7 maanden van de coaching door. Op mijn gemakje business aan het bouwen, terwijl ik bij mijn ouders woonde en verder geen cent te makken had. I was just going with the flow. Dat vond ik heerlijk! En het leek ook echt te werken. Hier en daar trok ik op bizarre manieren geld of klanten aan, en in mijn hoofd was ik de meest succesvolle persoon die ik kende. Totdat ik finaal op mijn bek ging.\u00a0<\/span><\/p><p><span style=\"font-style: inherit; font-weight: inherit;\">In de media komen is goed voor je business, zei de spiritueel business coach. Anderen uit het groepje meldden zich aan voor een column in de Telegraaf. Kasboek, waarin je vragen beantwoordt over je financi\u00eble situatie. Zij bluften een beetje, de realiteit uitspreken waar ze naartoe aan het werken waren, voordat het echt zo was. Als in: declaring it big to the Universe, dan komt het vanzelf. &#8220;Dat kan ik ook!&#8221;, dacht ik, &#8220;niemand leest zo&#8217;n bijlage op zaterdag toch&#8230;&#8221; En ik blufte niet een beetje, ik blufte flink! To a point where De Telegraaf dacht: &#8220;Ai, goed verhaal. Hiermee gaan we adverteren.&#8221; Het ging van iets dat niemand ooit zou lezen, naar een viraal verhaal. Met alle gevolgen van dien.\u00a0<\/span><\/p>\t\t\t\t\t\t\t\t<\/div>\n\t\t\t\t<div class=\"elementor-element elementor-element-18dc41f elementor-widget elementor-widget-image\" data-id=\"18dc41f\" data-element_type=\"widget\" data-e-type=\"widget\" data-widget_type=\"image.default\">\n\t\t\t\t\t\t\t\t\t\t\t\t\t\t\t<img decoding=\"async\" width=\"768\" height=\"606\" src=\"https:\/\/moneytreemansion.com\/wp-content\/uploads\/2026\/04\/Screenshot-2026-04-18-at-10.44.45-768x606.png\" class=\"attachment-medium_large size-medium_large wp-image-213\" alt=\"\" srcset=\"https:\/\/moneytreemansion.com\/wp-content\/uploads\/2026\/04\/Screenshot-2026-04-18-at-10.44.45-768x606.png 768w, https:\/\/moneytreemansion.com\/wp-content\/uploads\/2026\/04\/Screenshot-2026-04-18-at-10.44.45-300x237.png 300w, https:\/\/moneytreemansion.com\/wp-content\/uploads\/2026\/04\/Screenshot-2026-04-18-at-10.44.45-1024x808.png 1024w, https:\/\/moneytreemansion.com\/wp-content\/uploads\/2026\/04\/Screenshot-2026-04-18-at-10.44.45-1536x1211.png 1536w, https:\/\/moneytreemansion.com\/wp-content\/uploads\/2026\/04\/Screenshot-2026-04-18-at-10.44.45.png 1590w\" sizes=\"(max-width: 768px) 100vw, 768px\" \/>\t\t\t\t\t\t\t\t\t\t\t\t\t\t\t<\/div>\n\t\t\t\t<div class=\"elementor-element elementor-element-e8ab314 elementor-widget elementor-widget-text-editor\" data-id=\"e8ab314\" data-element_type=\"widget\" data-e-type=\"widget\" data-widget_type=\"text-editor.default\">\n\t\t\t\t\t\t\t\t\t<p>Allereerst werd ik door de journalist gebeld, vlak nadat het artikel in de krant stond. &#8220;Weet je wel zeker dat het \u00e9cht waar is? We hebben nog nooit zoveel ontdane reacties ontvangen na publicatie van een artikel. Onze mailbox ontploft!&#8221;<\/p><p>Natuurlijk was het niet waar! Het was een onschuldige poging tot vrijheid vinden van a lost little girl. Onwetend en gevangen in zichzelf. Maar wist ik veel, een nu kon ik niet meer terug! &#8220;Ja hoor. Ik help mensen met hun persoonlijke ontwikkeling en ze betalen me \u20ac1000 per maand. Kijk maar op mijn website, daar staat meer informatie.&#8221; Wat was bedoeld als playful bluffen in de hoop dat mijn dromen waar zouden worden, ging naar mega leugen in de headlines van een nationale krant. Het was 2019, het jaar dat ik dood ging van schuldgevoel.<\/p><p>Voordat ik de telefoon had opgenomen, lag ik al met buikpijn en een olifant op mijn chest in bed. &#8220;O mijn God, wat heb ik gedaan? Wie is dat?!&#8221; Ik schaamde me kapot. En ik herkende dat meisje op de foto helemaal niet als mezelf. <strong>Ik voelde me de grootste crimineel van de wereld, zonder recht van bestaan.<\/strong> Hoe kon ik mezelf zo zijn kwijtgeraakt? En als ik dit niet ben, wie ben ik dan w\u00e9l?!\u00a0<\/p><p>De maanden die volgden werden gedefinieerd met een ongrijpbare angst om gezien te worden, om ontdekt te worden als de grootste lieger en bedrieger die ooit heeft geleefd.\u00a0<\/p>\t\t\t\t\t\t\t\t<\/div>\n\t\t\t\t\t<\/div>\n\t\t\t\t<\/div>\n\t\t<div class=\"elementor-element elementor-element-168ab5c e-flex e-con-boxed e-con e-parent\" data-id=\"168ab5c\" data-element_type=\"container\" data-e-type=\"container\" data-settings=\"{&quot;background_background&quot;:&quot;classic&quot;}\">\n\t\t\t\t\t<div class=\"e-con-inner\">\n\t\t\t\t<div class=\"elementor-element elementor-element-0ba5c01 elementor-widget elementor-widget-text-editor\" data-id=\"0ba5c01\" data-element_type=\"widget\" data-e-type=\"widget\" data-widget_type=\"text-editor.default\">\n\t\t\t\t\t\t\t\t\t<p>Ik heb Creative Business gestudeerd, met een specialisatie in media Marketing en Ondernemerschap. Tijdens mijn studie werd ik de allereerste stagiaire van topondernemer Celine Charlotte, omdat ik vond dat ze mij nodig had en zij het daar mee eens werd (zelfs &#8211; of j\u00faist &#8211; nadat ik het lef had om flink te onderhandelen over de stagevergoeding). Zij leerde mij ondernemen, en ik groeide snel. Als side hustle grafisch ontwerper ging ik van \u20ac0 naar \u20ac100 per uur binnen een maand, en elk vrij uur zat volgeboekt. Z\u00f3 lekker geld verdienen, dat beviel me heel goed! Maar z\u00f3 hard ervoor rennen, dat absoluut niet&#8230;\u00a0<\/p><p>Met veel vallen en opstaan, maar vooral 1000% vastberaden, ging ik opzoek naar vrijheid. Tienduizenden euro&#8217;s aan investeringen in coaches, cursussen en het zoveelste &#8216;dit is h\u00e9t-idee&#8217; later&#8230; wist ik nog steeds niet hoe ik nou \u00e9cht mijn visie voor een ultiem vrij leven kon inblazen.\u00a0\u00a0<\/p><p>Inmiddels had ik w\u00e9l geleerd &#8211; door de grootste blunder van mijn leven &#8211; dat vrijheid begint binnenin jezelf. Maar toch is alleen d\u00e1t niet genoeg. Op een gegeven moment was ik the happiest and most at peace with myself person I know, <b>maar tegelijkertijd was ik altijd just over broke&#8230;<\/b><\/p><p>Toen was ik daar op een gegeven moment Z\u00d3 klaar mee, dat ik dacht: als niemand mij kan vertellen hoe het moet, dan zoek ik het zelf wel uit. Al snel kwam ik in contact met een Finance Professional met Wallstreet ervaring en die meehielp landen financieel te hervormen by then, terwijl hij \u00f3\u00f3k Professioneel Danser was. <strong>Hij sprak mijn taal!\u00a0<\/strong><\/p><p>Met basic understanding over geld op zak, ging ik zelf dieper op de materie in. A newfound passion ontvouwde zich en als snel had ik een hele money management methode voor mezelf ontwikkeld. Nu nog toepassen&#8230; Consistentie was mijn forever valkuil. Ik deed niks lang genoeg om er \u00e9cht duurzaam succes mee te kunnen behalen. Dit was zo belangrijk voor mij, dat ik me voornam dit religiously elke week te doen voor tenminste 1 jaar (alleen dat idee al gaf me anxiety to the max!). En dat deed ik, met alle resultaat van dien. Na 10 maanden had ik \u20ac10K op mijn spaarrekening staan (terwijl mijn vaste inkomsten n\u00e9t mijn vaste uitgaven dekten, en ik begon met slechts \u20ac221,96 to my name).<\/p><p>Nu, 5 jaar later, heb ik me ontwikkeld tot gecertificeerd* finance professional met 2 jaar werkervaring bij de meest prominente Private Bank van Nederland. Ik ging van trying to manifest millions, naar managing millions, en nu steady onderweg naar having millions.\u00a0<\/p>\t\t\t\t\t\t\t\t<\/div>\n\t\t\t\t<div class=\"elementor-element elementor-element-4ad9dca elementor-widget elementor-widget-text-editor\" data-id=\"4ad9dca\" data-element_type=\"widget\" data-e-type=\"widget\" data-widget_type=\"text-editor.default\">\n\t\t\t\t\t\t\t\t\t<p><span style=\"background-color: rgba(17, 31, 162, 0);\">Als ondernemer of professional verdien je goed. Maar goed is niet jouw doel. Jij weet dat er meer inzit. <\/span>Wat standaard is voelt voor jou beklemmend. Jij wil niet vastzitten in &#8220;normaal&#8221; of &#8220;goed&#8221;. Zij noemen je misschien crazy, maar&nbsp;<strong>wat jij crazy vindt<\/strong>, is je hele leven moeten geven aan werken voor geld.<\/p>\n<p>Jij bent iemand die voelt dat je voor een groots leven gemaakt bent, maar nog niet precies weet hoe je daar komt.<span style=\"font-style: inherit; font-weight: inherit; background-color: rgba(17, 31, 162, 0);\"> Je wil financieel vrij zijn, op jouw manier. Dus,&nbsp;<\/span><span style=\"background-color: rgba(17, 31, 162, 0);\">zonder dat je daarvoor dingen moet doen die niet bij jouw passen.<\/span><span style=\"background-color: rgba(17, 31, 162, 0); font-style: inherit; font-weight: inherit;\">&nbsp;<\/span><span style=\"font-style: inherit; background-color: rgba(17, 31, 162, 0);\">Het liefst ben je miljonair.<\/span><span style=\"font-style: inherit; background-color: rgba(17, 31, 162, 0);\"> <\/span><span style=\"font-style: inherit; font-weight: inherit; background-color: rgba(17, 31, 162, 0);\">Niet alleen voor je zelf, juist ook voor anderen. Jij wil een rijk, vrij en blij leven, \u00e9n impact maken. <\/span><span style=\"font-style: inherit; font-weight: inherit; background-color: rgba(17, 31, 162, 0);\"><b>Je gelooft 100% dat het kan<\/b><\/span><span style=\"font-style: inherit; font-weight: inherit; background-color: rgba(17, 31, 162, 0);\">.<\/span><\/p>\n<p data-start=\"248\" data-end=\"418\">Je zoekt g\u00e9\u00e9n keiharde hustle of ingewikkelde financi\u00eble materie. Je wilt simpelweg. overzicht, gewoon weten wat je moet doen, en groeien op een manier die goed voelt \u00e9n werkt.<\/p>\n<p data-start=\"420\" data-end=\"421\"><strong>\u200dDaarom gaan we werken aan deze dingen:<\/strong><\/p>\n<p><strong>&#8211; Een c<\/strong><strong>oncreet plan<\/strong>&nbsp;dat gelijk rust, ruimte en richting geeft.<br><strong>&#8211;&nbsp;<\/strong><strong>Inzicht<\/strong>&nbsp;in wat voor j\u00f3u werkt, zodat je bouwt vanuit (zelf)vertrouwen en plezier.<br><strong>&#8211;&nbsp;<\/strong><strong>Slimme maar simpele strategie<\/strong>&nbsp;die klopt met wie je bent, zodat de groei blijvend is.<\/p>\n<p>Financi\u00eble vrijheid cre\u00ebren door een praktisch plan, slimme keuzes, en a way of doing money die past bij wie je bent. Zonder jezelf te verliezen in gebrek aan financial know-how, twijfel of overwhelm.<\/p>\n<p data-start=\"874\" data-end=\"1015\">Kortom, het kan slimmer. Sneller. Daadkrachtiger. Meer in lijn met wie je bent. <br>Met focus op wat ECHT werkt, niet op hoop van zegen.<\/p>\n<p data-start=\"1017\" data-end=\"1150\">Wij helpen je om dit concreet te maken en gelijk toe te passen. <br>Zodat je precies weet wat je wanneer moet doen, waarom en wat het je oplevert.<\/p>\n<p data-start=\"1155\" data-end=\"1187\"><strong>Zodat jouw weg naar financi\u00eble vrijheid tastbaar wordt.<\/strong><\/p>\n<p data-start=\"1189\" data-end=\"1190\">\u200dStrategie op maat, direct samen implementeren en daardoor voorspelbare groei zonder gedoe. <br><b>Op jouw manier.<\/b><\/p>\t\t\t\t\t\t\t\t<\/div>\n\t\t\t\t<div class=\"elementor-element elementor-element-4c394a1 elementor-widget__width-initial elementor-widget elementor-widget-text-editor\" data-id=\"4c394a1\" data-element_type=\"widget\" data-e-type=\"widget\" data-widget_type=\"text-editor.default\">\n\t\t\t\t\t\t\t\t\t<p>Op dit moment kun je 2 dingen doen, 2 keuzes die je kunt maken. OF je blijft doorgaan zoals je nu doet en dan zul je waarschijnlijk dit dit en dit ervaren (gevolg). OF je kiest om te zorgen voor verandering. En waarschijnlijk ben je niet voor niks op deze website terecht gekomen en voel je ergens; hey ik wordt niet meer gelukkig van de situatie waar ik nu inzit en ik wil niet DIY trying. en ik wil verandering aanbrengen. En dan kunnen we er samen voor zorgen dat je daar en daar en daar naartoe groeit. En de keuze is helemaal aan jou, maar weet wel dat het een hele bewuste keuze is die je maakt.\u00a0<\/p><p>Wat nu makkelijk is, wordt later moeilijk. Wat nu moeilijk is, wordt later makkelijk. Uitleggen op dit topic wat ik daarmee bedoel.\u00a0\u00a0<\/p>\t\t\t\t\t\t\t\t<\/div>\n\t\t\t\t<div class=\"elementor-element elementor-element-7bcfd8f elementor-widget elementor-widget-text-editor\" data-id=\"7bcfd8f\" data-element_type=\"widget\" data-e-type=\"widget\" data-widget_type=\"text-editor.default\">\n\t\t\t\t\t\t\t\t\t<p>Let&#8217;s go!<\/p>\t\t\t\t\t\t\t\t<\/div>\n\t\t\t\t\t<\/div>\n\t\t\t\t<\/div>\n\t\t\t\t<\/div>\n\t\t","protected":false},"excerpt":{"rendered":"<p>&#8220;In 2019 ging ik dood van schuldgevoel.&#8220; This is our story of becoming Meet our founder, Sanne van der Ploeg [&hellip;]<\/p>\n","protected":false},"author":1,"featured_media":0,"parent":0,"menu_order":0,"comment_status":"closed","ping_status":"closed","template":"","meta":{"site-sidebar-layout":"no-sidebar","site-content-layout":"","ast-site-content-layout":"full-width-container","site-content-style":"default","site-sidebar-style":"default","ast-global-header-display":"","ast-banner-title-visibility":"","ast-main-header-display":"","ast-hfb-above-header-display":"","ast-hfb-below-header-display":"","ast-hfb-mobile-header-display":"","site-post-title":"disabled","ast-breadcrumbs-content":"","ast-featured-img":"disabled","footer-sml-layout":"","ast-disable-related-posts":"","theme-transparent-header-meta":"","adv-header-id-meta":"","stick-header-meta":"","header-above-stick-meta":"","header-main-stick-meta":"","header-below-stick-meta":"","astra-migrate-meta-layouts":"default","ast-page-background-enabled":"default","ast-page-background-meta":{"desktop":{"background-color":"var(--ast-global-color-5)","background-image":"","background-repeat":"repeat","background-position":"center center","background-size":"auto","background-attachment":"scroll","background-type":"","background-media":"","overlay-type":"","overlay-color":"","overlay-opacity":"","overlay-gradient":""},"tablet":{"background-color":"","background-image":"","background-repeat":"repeat","background-position":"center center","background-size":"auto","background-attachment":"scroll","background-type":"","background-media":"","overlay-type":"","overlay-color":"","overlay-opacity":"","overlay-gradient":""},"mobile":{"background-color":"","background-image":"","background-repeat":"repeat","background-position":"center center","background-size":"auto","background-attachment":"scroll","background-type":"","background-media":"","overlay-type":"","overlay-color":"","overlay-opacity":"","overlay-gradient":""}},"ast-content-background-meta":{"desktop":{"background-color":"var(--ast-global-color-4)","background-image":"","background-repeat":"repeat","background-position":"center center","background-size":"auto","background-attachment":"scroll","background-type":"","background-media":"","overlay-type":"","overlay-color":"","overlay-opacity":"","overlay-gradient":""},"tablet":{"background-color":"var(--ast-global-color-4)","background-image":"","background-repeat":"repeat","background-position":"center center","background-size":"auto","background-attachment":"scroll","background-type":"","background-media":"","overlay-type":"","overlay-color":"","overlay-opacity":"","overlay-gradient":""},"mobile":{"background-color":"var(--ast-global-color-4)","background-image":"","background-repeat":"repeat","background-position":"center center","background-size":"auto","background-attachment":"scroll","background-type":"","background-media":"","overlay-type":"","overlay-color":"","overlay-opacity":"","overlay-gradient":""}},"footnotes":""},"class_list":["post-55","page","type-page","status-publish","hentry"],"_links":{"self":[{"href":"https:\/\/moneytreemansion.com\/index.php\/wp-json\/wp\/v2\/pages\/55","targetHints":{"allow":["GET"]}}],"collection":[{"href":"https:\/\/moneytreemansion.com\/index.php\/wp-json\/wp\/v2\/pages"}],"about":[{"href":"https:\/\/moneytreemansion.com\/index.php\/wp-json\/wp\/v2\/types\/page"}],"author":[{"embeddable":true,"href":"https:\/\/moneytreemansion.com\/index.php\/wp-json\/wp\/v2\/users\/1"}],"replies":[{"embeddable":true,"href":"https:\/\/moneytreemansion.com\/index.php\/wp-json\/wp\/v2\/comments?post=55"}],"version-history":[{"count":14,"href":"https:\/\/moneytreemansion.com\/index.php\/wp-json\/wp\/v2\/pages\/55\/revisions"}],"predecessor-version":[{"id":217,"href":"https:\/\/moneytreemansion.com\/index.php\/wp-json\/wp\/v2\/pages\/55\/revisions\/217"}],"wp:attachment":[{"href":"https:\/\/moneytreemansion.com\/index.php\/wp-json\/wp\/v2\/media?parent=55"}],"curies":[{"name":"wp","href":"https:\/\/api.w.org\/{rel}","templated":true}]}}